{"id":474,"date":"2022-08-01T13:52:35","date_gmt":"2022-08-01T13:52:35","guid":{"rendered":"https:\/\/demo.artureanec.com\/themes\/industrium\/?page_id=474"},"modified":"2022-08-01T13:52:35","modified_gmt":"2022-08-01T13:52:35","slug":"blog-classic","status":"publish","type":"page","link":"https:\/\/swisstomsan.com\/en\/blog-classic\/","title":{"rendered":"Blog Classic"},"content":{"rendered":"<div data-elementor-type=\"wp-page\" data-elementor-id=\"474\" class=\"elementor elementor-474\">\n\t\t\t\t\t\t<section class=\"elementor-section elementor-top-section elementor-element elementor-element-baf1f34 elementor-section-boxed elementor-section-height-default elementor-section-height-default\" data-id=\"baf1f34\" data-element_type=\"section\">\n\t\t\t\t\t\t<div class=\"elementor-container elementor-column-gap-default\">\n\t\t\t\t\t<div class=\"elementor-column elementor-col-100 elementor-top-column elementor-element elementor-element-a2e00ca\" data-id=\"a2e00ca\" data-element_type=\"column\">\n\t\t\t<div class=\"elementor-widget-wrap elementor-element-populated\">\n\t\t\t\t\t\t<div class=\"elementor-element elementor-element-00ec5a3 elementor-widget elementor-widget-industrium_blog_listing\" data-id=\"00ec5a3\" data-element_type=\"widget\" data-widget_type=\"industrium_blog_listing.default\">\n\t\t\t\t<div class=\"elementor-widget-container\">\n\t\t\t\t\t\n        <div class=\"archive-listing\" data-ajax='{&quot;post_type&quot;:&quot;post&quot;,&quot;posts_per_page&quot;:4,&quot;orderby&quot;:&quot;date&quot;,&quot;order&quot;:&quot;desc&quot;,&quot;paged&quot;:1,&quot;category_name&quot;:&quot;&quot;,&quot;tag&quot;:&quot;&quot;,&quot;post__in&quot;:&quot;&quot;,&quot;ignore_sticky_posts&quot;:false,&quot;link_base&quot;:&quot;https:\\\/\\\/swisstomsan.com\\\/en\\\/wp-json\\\/wp\\\/v2\\\/pages\\\/474&quot;}' data-widget='{&quot;excerpt_length&quot;:319,&quot;show_cat&quot;:&quot;yes&quot;,&quot;show_media&quot;:&quot;yes&quot;,&quot;show_author&quot;:&quot;&quot;,&quot;show_date&quot;:&quot;yes&quot;,&quot;show_title&quot;:&quot;yes&quot;,&quot;show_tags&quot;:&quot;&quot;,&quot;show_excerpt&quot;:&quot;yes&quot;,&quot;show_read_more&quot;:&quot;yes&quot;,&quot;read_more_text&quot;:&quot;Explore More&quot;,&quot;item_class&quot;:&quot;post standard-blog-item-wrapper&quot;,&quot;columns_number&quot;:1,&quot;listing_type&quot;:&quot;classic&quot;}'>\n            <div class=\"archive-listing-wrapper\">\n                \n<div class=\"standard-blog-item-wrapper post post-675 type-post status-publish format-standard has-post-thumbnail hentry category-uncategorized\">\n    <div class=\"blog-item\">\n        <div class=\"post-media-wrapper\"><a href=\"https:\/\/swisstomsan.com\/en\/turkiyenin-savunma-sanayisinde-yukselen-gucu\/\"><picture><source media=\"(max-width: 575px)\" sizes=\"(max-width: 535px) 535px\" srcset=\"https:\/\/swisstomsan.com\/wp-content\/uploads\/2022\/08\/Swiss_Tomsan_Blog1-310x280.webp 535w\"><source media=\"(max-width: 991px)\" sizes=\"(max-width: 951px) 951px\" srcset=\"https:\/\/swisstomsan.com\/wp-content\/uploads\/2022\/08\/Swiss_Tomsan_Blog1.webp 951w\"><img decoding=\"async\" alt=\"Swiss_Tomsan_Blog1\" title=\"Swiss_Tomsan_Blog1\" src=\"https:\/\/swisstomsan.com\/wp-content\/uploads\/2022\/08\/Swiss_Tomsan_Blog1.webp\" class=\"attachment-post-thumbnail size-post-thumbnail wp-post-image\" \/><\/picture><\/a><\/div><div class=\"post-meta-header\"><div class=\"post-meta-item post-meta-item-date\"><a href=\"https:\/\/swisstomsan.com\/en\/2022\/08\/02\/\"><span class=\"post-meta-item-day\">02<\/span><span class=\"post-meta-item-month-year\">August 2022<\/span><\/a><\/div><\/div><div class=\"post-labels\"><div class=\"post-categories\"><a class=\"post-category-item\" href=\"https:\/\/swisstomsan.com\/en\/category\/uncategorized\/\">Uncategorized<\/a><\/div><\/div><h2 class=\"post-title\"><a href=\"https:\/\/swisstomsan.com\/en\/turkiyenin-savunma-sanayisinde-yukselen-gucu\/\">Turkey's Rising Power in the Defense Industry<\/a><\/h2><div class=\"post-content\">Savunma sanayisi, her \u00fclkenin ba\u011f\u0131ms\u0131zl\u0131k ve g\u00fcvenlik politikalar\u0131nda kritik bir rol oynar. T\u00fcrkiye, son y\u0131llarda savunma sanayisinde b\u00fcy\u00fck at\u0131l\u0131mlar yaparak d\u0131\u015fa ba\u011f\u0131ml\u0131l\u0131\u011f\u0131 azaltma hedefiyle ilerliyor. Bu kapsamda, Swiss Tomsan yerli m\u00fchimmat \u00fcretimi konusunda stratejik bir rol \u00fcstlenerek, T?<\/div><div class=\"post-more-button\"><a href=\"https:\/\/swisstomsan.com\/en\/turkiyenin-savunma-sanayisinde-yukselen-gucu\/\" class=\"industrium-button\">Explore More<svg viewbox=\"0 0 13 20\"><polyline points=\"0.5 19.5 3 19.5 12.5 10 3 0.5\" \/><\/svg><\/a><\/div>    <\/div>\n<\/div>\n<div class=\"standard-blog-item-wrapper post post-673 type-post status-publish format-standard has-post-thumbnail hentry category-uncategorized\">\n    <div class=\"blog-item\">\n        <div class=\"post-media-wrapper\"><a href=\"https:\/\/swisstomsan.com\/en\/muhimmat-uretiminde-kalite-ve-guvenlik-neden-onemlidir\/\"><picture><source media=\"(max-width: 575px)\" sizes=\"(max-width: 535px) 535px\" srcset=\"https:\/\/swisstomsan.com\/wp-content\/uploads\/2022\/08\/Swiss_Tomsan_Blog2-310x280.webp 535w\"><source media=\"(max-width: 991px)\" sizes=\"(max-width: 951px) 951px\" srcset=\"https:\/\/swisstomsan.com\/wp-content\/uploads\/2022\/08\/Swiss_Tomsan_Blog2.webp 951w\"><img decoding=\"async\" alt=\"Swiss_Tomsan_Blog2\" title=\"Swiss_Tomsan_Blog2\" src=\"https:\/\/swisstomsan.com\/wp-content\/uploads\/2022\/08\/Swiss_Tomsan_Blog2.webp\" class=\"attachment-post-thumbnail size-post-thumbnail wp-post-image\" \/><\/picture><\/a><\/div><div class=\"post-meta-header\"><div class=\"post-meta-item post-meta-item-date\"><a href=\"https:\/\/swisstomsan.com\/en\/2022\/08\/02\/\"><span class=\"post-meta-item-day\">02<\/span><span class=\"post-meta-item-month-year\">August 2022<\/span><\/a><\/div><\/div><div class=\"post-labels\"><div class=\"post-categories\"><a class=\"post-category-item\" href=\"https:\/\/swisstomsan.com\/en\/category\/uncategorized\/\">Uncategorized<\/a><\/div><\/div><h2 class=\"post-title\"><a href=\"https:\/\/swisstomsan.com\/en\/muhimmat-uretiminde-kalite-ve-guvenlik-neden-onemlidir\/\">Why are Quality and Safety Important in Ammunition Production?<\/a><\/h2><div class=\"post-content\">M\u00fchimmat \u00fcretimi, y\u00fcksek hassasiyet, kalite kontrol ve g\u00fcvenlik standartlar\u0131na ba\u011fl\u0131 olarak \u00fcretilmesi gereken kritik bir savunma sanayi alan\u0131d\u0131r. Swiss Tomsan, m\u00fchimmat \u00fcretiminde NATO standartlar\u0131na tam uyum sa\u011flayarak yaln\u0131zca T\u00fcrkiye\u2019de de\u011fil, uluslararas\u0131 alanda da g\u00fcvenilir bir tedarik\u00e7i ol<\/div><div class=\"post-more-button\"><a href=\"https:\/\/swisstomsan.com\/en\/muhimmat-uretiminde-kalite-ve-guvenlik-neden-onemlidir\/\" class=\"industrium-button\">Explore More<svg viewbox=\"0 0 13 20\"><polyline points=\"0.5 19.5 3 19.5 12.5 10 3 0.5\" \/><\/svg><\/a><\/div>    <\/div>\n<\/div>\n<div class=\"standard-blog-item-wrapper post post-670 type-post status-publish format-standard has-post-thumbnail hentry category-uncategorized\">\n    <div class=\"blog-item\">\n        <div class=\"post-media-wrapper\"><a href=\"https:\/\/swisstomsan.com\/en\/nato-standartlarinda-muhimmat-uretimi-nasil-yapilir\/\"><picture><source media=\"(max-width: 575px)\" sizes=\"(max-width: 535px) 535px\" srcset=\"https:\/\/swisstomsan.com\/wp-content\/uploads\/2022\/08\/Swiss_Tomsan_Blog3-310x280.webp 535w\"><source media=\"(max-width: 991px)\" sizes=\"(max-width: 951px) 951px\" srcset=\"https:\/\/swisstomsan.com\/wp-content\/uploads\/2022\/08\/Swiss_Tomsan_Blog3.webp 951w\"><img decoding=\"async\" alt=\"Swiss_Tomsan_Blog3\" title=\"Swiss_Tomsan_Blog3\" src=\"https:\/\/swisstomsan.com\/wp-content\/uploads\/2022\/08\/Swiss_Tomsan_Blog3.webp\" class=\"attachment-post-thumbnail size-post-thumbnail wp-post-image\" \/><\/picture><\/a><\/div><div class=\"post-meta-header\"><div class=\"post-meta-item post-meta-item-date\"><a href=\"https:\/\/swisstomsan.com\/en\/2022\/08\/02\/\"><span class=\"post-meta-item-day\">02<\/span><span class=\"post-meta-item-month-year\">August 2022<\/span><\/a><\/div><\/div><div class=\"post-labels\"><div class=\"post-categories\"><a class=\"post-category-item\" href=\"https:\/\/swisstomsan.com\/en\/category\/uncategorized\/\">Uncategorized<\/a><\/div><\/div><h2 class=\"post-title\"><a href=\"https:\/\/swisstomsan.com\/en\/nato-standartlarinda-muhimmat-uretimi-nasil-yapilir\/\">How is the Production of Ammunition in NATO Standards Carried Out?<\/a><\/h2><div class=\"post-content\">NATO m\u00fchimmatlar\u0131, belirlenen standartlara uygun olarak \u00fcretilen ve uluslararas\u0131 askeri operasyonlarda kullan\u0131lan m\u00fchimmatlard\u0131r. Swiss Tomsan, 9&#215;19 mm, 5.56&#215;45 mm ve 7.62&#215;51 mm NATO m\u00fchimmatlar\u0131n\u0131 en y\u00fcksek kalite standartlar\u0131nda \u00fcretmektedir. NATO m\u00fchimmat \u00fcretimi be\u015f kritik a\u015famadan <\/div><div class=\"post-more-button\"><a href=\"https:\/\/swisstomsan.com\/en\/nato-standartlarinda-muhimmat-uretimi-nasil-yapilir\/\" class=\"industrium-button\">Explore More<svg viewbox=\"0 0 13 20\"><polyline points=\"0.5 19.5 3 19.5 12.5 10 3 0.5\" \/><\/svg><\/a><\/div>    <\/div>\n<\/div>\n<div class=\"standard-blog-item-wrapper post post-668 type-post status-publish format-standard has-post-thumbnail hentry category-uncategorized\">\n    <div class=\"blog-item\">\n        <div class=\"post-media-wrapper\"><a href=\"https:\/\/swisstomsan.com\/en\/5-56-ve-7-62-kalibre-muhimmat-arasindaki-farklar\/\"><picture><source media=\"(max-width: 575px)\" sizes=\"(max-width: 535px) 535px\" srcset=\"https:\/\/swisstomsan.com\/wp-content\/uploads\/2022\/08\/Swiss_Tomsan_Blog4-310x280.webp 535w\"><source media=\"(max-width: 991px)\" sizes=\"(max-width: 951px) 951px\" srcset=\"https:\/\/swisstomsan.com\/wp-content\/uploads\/2022\/08\/Swiss_Tomsan_Blog4.webp 951w\"><img decoding=\"async\" alt=\"Swiss_Tomsan_Blog4\" title=\"Swiss_Tomsan_Blog4\" src=\"https:\/\/swisstomsan.com\/wp-content\/uploads\/2022\/08\/Swiss_Tomsan_Blog4.webp\" class=\"attachment-post-thumbnail size-post-thumbnail wp-post-image\" \/><\/picture><\/a><\/div><div class=\"post-meta-header\"><div class=\"post-meta-item post-meta-item-date\"><a href=\"https:\/\/swisstomsan.com\/en\/2022\/08\/02\/\"><span class=\"post-meta-item-day\">02<\/span><span class=\"post-meta-item-month-year\">August 2022<\/span><\/a><\/div><\/div><div class=\"post-labels\"><div class=\"post-categories\"><a class=\"post-category-item\" href=\"https:\/\/swisstomsan.com\/en\/category\/uncategorized\/\">Uncategorized<\/a><\/div><\/div><h2 class=\"post-title\"><a href=\"https:\/\/swisstomsan.com\/en\/5-56-ve-7-62-kalibre-muhimmat-arasindaki-farklar\/\">The Differences Between 5.56 and 7.62 Caliber Ammunition Dec.<\/a><\/h2><div class=\"post-content\">M\u00fchimmat se\u00e7imi, askeri operasyonlarda menzil, delici g\u00fc\u00e7 ve ta\u015f\u0131ma kolayl\u0131\u011f\u0131 gibi fakt\u00f6rlere ba\u011fl\u0131 olarak b\u00fcy\u00fck \u00f6nem ta\u015f\u0131r. 5.56 mm ve 7.62 mm m\u00fchimmatlar, modern piyade silahlar\u0131nda en yayg\u0131n kullan\u0131lan iki m\u00fchimmat t\u00fcr\u00fcd\u00fcr. Peki, bu iki m\u00fchimmat\u0131n farklar\u0131 nelerdir ve hangi durumlarda...<\/div><div class=\"post-more-button\"><a href=\"https:\/\/swisstomsan.com\/en\/5-56-ve-7-62-kalibre-muhimmat-arasindaki-farklar\/\" class=\"industrium-button\">Explore More<svg viewbox=\"0 0 13 20\"><polyline points=\"0.5 19.5 3 19.5 12.5 10 3 0.5\" \/><\/svg><\/a><\/div>    <\/div>\n<\/div>            <\/div>\n\n                    <\/div>\n        \t\t\t\t<\/div>\n\t\t\t\t<\/div>\n\t\t\t\t\t<\/div>\n\t\t<\/div>\n\t\t\t\t\t<\/div>\n\t\t<\/section>\n\t\t\t\t<\/div>","protected":false},"excerpt":{"rendered":"","protected":false},"author":1,"featured_media":0,"parent":0,"menu_order":0,"comment_status":"closed","ping_status":"closed","template":"","meta":{"footnotes":""},"class_list":["post-474","page","type-page","status-publish","hentry"],"yoast_head":"<!-- This site is optimized with the Yoast SEO plugin v27.5 - https:\/\/yoast.com\/product\/yoast-seo-wordpress\/ -->\n<title>Blog Classic - Swiss Tomsan<\/title>\n<meta name=\"robots\" content=\"index, follow, max-snippet:-1, max-image-preview:large, max-video-preview:-1\" \/>\n<link rel=\"canonical\" href=\"https:\/\/swisstomsan.com\/en\/blog-classic\/\" \/>\n<meta property=\"og:locale\" content=\"en_US\" \/>\n<meta property=\"og:type\" content=\"article\" \/>\n<meta property=\"og:title\" content=\"Blog Classic - Swiss Tomsan\" \/>\n<meta property=\"og:url\" content=\"https:\/\/swisstomsan.com\/en\/blog-classic\/\" \/>\n<meta property=\"og:site_name\" content=\"Swiss Tomsan\" \/>\n<meta name=\"twitter:card\" content=\"summary_large_image\" \/>\n<script type=\"application\/ld+json\" class=\"yoast-schema-graph\">{\"@context\":\"https:\\\/\\\/schema.org\",\"@graph\":[{\"@type\":\"WebPage\",\"@id\":\"https:\\\/\\\/swisstomsan.com\\\/blog-classic\\\/\",\"url\":\"https:\\\/\\\/swisstomsan.com\\\/blog-classic\\\/\",\"name\":\"Blog Classic - Swiss Tomsan\",\"isPartOf\":{\"@id\":\"https:\\\/\\\/swisstomsan.com\\\/#website\"},\"datePublished\":\"2022-08-01T13:52:35+00:00\",\"breadcrumb\":{\"@id\":\"https:\\\/\\\/swisstomsan.com\\\/blog-classic\\\/#breadcrumb\"},\"inLanguage\":\"en-US\",\"potentialAction\":[{\"@type\":\"ReadAction\",\"target\":[\"https:\\\/\\\/swisstomsan.com\\\/blog-classic\\\/\"]}]},{\"@type\":\"BreadcrumbList\",\"@id\":\"https:\\\/\\\/swisstomsan.com\\\/blog-classic\\\/#breadcrumb\",\"itemListElement\":[{\"@type\":\"ListItem\",\"position\":1,\"name\":\"Anasayfa\",\"item\":\"https:\\\/\\\/swisstomsan.com\\\/\"},{\"@type\":\"ListItem\",\"position\":2,\"name\":\"Blog Classic\"}]},{\"@type\":\"WebSite\",\"@id\":\"https:\\\/\\\/swisstomsan.com\\\/#website\",\"url\":\"https:\\\/\\\/swisstomsan.com\\\/\",\"name\":\"Swiss Tomsan\",\"description\":\"\",\"publisher\":{\"@id\":\"https:\\\/\\\/swisstomsan.com\\\/#organization\"},\"potentialAction\":[{\"@type\":\"SearchAction\",\"target\":{\"@type\":\"EntryPoint\",\"urlTemplate\":\"https:\\\/\\\/swisstomsan.com\\\/?s={search_term_string}\"},\"query-input\":{\"@type\":\"PropertyValueSpecification\",\"valueRequired\":true,\"valueName\":\"search_term_string\"}}],\"inLanguage\":\"en-US\"},{\"@type\":\"Organization\",\"@id\":\"https:\\\/\\\/swisstomsan.com\\\/#organization\",\"name\":\"Swiss Tomsan\",\"url\":\"https:\\\/\\\/swisstomsan.com\\\/\",\"logo\":{\"@type\":\"ImageObject\",\"inLanguage\":\"en-US\",\"@id\":\"https:\\\/\\\/swisstomsan.com\\\/#\\\/schema\\\/logo\\\/image\\\/\",\"url\":\"https:\\\/\\\/swisstomsan.com\\\/wp-content\\\/uploads\\\/2025\\\/03\\\/swisstomsanlogo2.webp\",\"contentUrl\":\"https:\\\/\\\/swisstomsan.com\\\/wp-content\\\/uploads\\\/2025\\\/03\\\/swisstomsanlogo2.webp\",\"width\":352,\"height\":100,\"caption\":\"Swiss Tomsan\"},\"image\":{\"@id\":\"https:\\\/\\\/swisstomsan.com\\\/#\\\/schema\\\/logo\\\/image\\\/\"}}]}<\/script>\n<!-- \/ Yoast SEO plugin. -->","yoast_head_json":{"title":"Blog Classic - Swiss Tomsan","robots":{"index":"index","follow":"follow","max-snippet":"max-snippet:-1","max-image-preview":"max-image-preview:large","max-video-preview":"max-video-preview:-1"},"canonical":"https:\/\/swisstomsan.com\/en\/blog-classic\/","og_locale":"en_US","og_type":"article","og_title":"Blog Classic - Swiss Tomsan","og_url":"https:\/\/swisstomsan.com\/en\/blog-classic\/","og_site_name":"Swiss Tomsan","twitter_card":"summary_large_image","schema":{"@context":"https:\/\/schema.org","@graph":[{"@type":"WebPage","@id":"https:\/\/swisstomsan.com\/blog-classic\/","url":"https:\/\/swisstomsan.com\/blog-classic\/","name":"Blog Classic - Swiss Tomsan","isPartOf":{"@id":"https:\/\/swisstomsan.com\/#website"},"datePublished":"2022-08-01T13:52:35+00:00","breadcrumb":{"@id":"https:\/\/swisstomsan.com\/blog-classic\/#breadcrumb"},"inLanguage":"en-US","potentialAction":[{"@type":"ReadAction","target":["https:\/\/swisstomsan.com\/blog-classic\/"]}]},{"@type":"BreadcrumbList","@id":"https:\/\/swisstomsan.com\/blog-classic\/#breadcrumb","itemListElement":[{"@type":"ListItem","position":1,"name":"Anasayfa","item":"https:\/\/swisstomsan.com\/"},{"@type":"ListItem","position":2,"name":"Blog Classic"}]},{"@type":"WebSite","@id":"https:\/\/swisstomsan.com\/#website","url":"https:\/\/swisstomsan.com\/","name":"Swiss Tomsan","description":"","publisher":{"@id":"https:\/\/swisstomsan.com\/#organization"},"potentialAction":[{"@type":"SearchAction","target":{"@type":"EntryPoint","urlTemplate":"https:\/\/swisstomsan.com\/?s={search_term_string}"},"query-input":{"@type":"PropertyValueSpecification","valueRequired":true,"valueName":"search_term_string"}}],"inLanguage":"en-US"},{"@type":"Organization","@id":"https:\/\/swisstomsan.com\/#organization","name":"Swiss Tomsan","url":"https:\/\/swisstomsan.com\/","logo":{"@type":"ImageObject","inLanguage":"en-US","@id":"https:\/\/swisstomsan.com\/#\/schema\/logo\/image\/","url":"https:\/\/swisstomsan.com\/wp-content\/uploads\/2025\/03\/swisstomsanlogo2.webp","contentUrl":"https:\/\/swisstomsan.com\/wp-content\/uploads\/2025\/03\/swisstomsanlogo2.webp","width":352,"height":100,"caption":"Swiss Tomsan"},"image":{"@id":"https:\/\/swisstomsan.com\/#\/schema\/logo\/image\/"}}]}},"_links":{"self":[{"href":"https:\/\/swisstomsan.com\/en\/wp-json\/wp\/v2\/pages\/474","targetHints":{"allow":["GET"]}}],"collection":[{"href":"https:\/\/swisstomsan.com\/en\/wp-json\/wp\/v2\/pages"}],"about":[{"href":"https:\/\/swisstomsan.com\/en\/wp-json\/wp\/v2\/types\/page"}],"author":[{"embeddable":true,"href":"https:\/\/swisstomsan.com\/en\/wp-json\/wp\/v2\/users\/1"}],"replies":[{"embeddable":true,"href":"https:\/\/swisstomsan.com\/en\/wp-json\/wp\/v2\/comments?post=474"}],"version-history":[{"count":0,"href":"https:\/\/swisstomsan.com\/en\/wp-json\/wp\/v2\/pages\/474\/revisions"}],"wp:attachment":[{"href":"https:\/\/swisstomsan.com\/en\/wp-json\/wp\/v2\/media?parent=474"}],"curies":[{"name":"wp","href":"https:\/\/api.w.org\/{rel}","templated":true}]}}