{"id":14606,"date":"2025-03-14T13:59:06","date_gmt":"2025-03-14T13:59:06","guid":{"rendered":"https:\/\/swisstomsan.com\/?page_id=14606"},"modified":"2025-03-14T15:46:57","modified_gmt":"2025-03-14T15:46:57","slug":"randevu","status":"publish","type":"page","link":"https:\/\/swisstomsan.com\/en\/randevu\/","title":{"rendered":"Appointment"},"content":{"rendered":"<div data-elementor-type=\"wp-page\" data-elementor-id=\"14606\" class=\"elementor elementor-14606\">\n\t\t\t\t<div class=\"elementor-element elementor-element-a400a6d e-flex e-con-boxed e-con e-parent\" data-id=\"a400a6d\" data-element_type=\"container\">\n\t\t\t\t\t<div class=\"e-con-inner\">\n\t\t\t\t<div class=\"elementor-element elementor-element-96fb1d7 elementor-widget elementor-widget-industrium_heading\" data-id=\"96fb1d7\" data-element_type=\"widget\" data-widget_type=\"industrium_heading.default\">\n\t\t\t\t<div class=\"elementor-widget-container\">\n\t\t\t\t\t<div class=\"industrium-heading-widget\"><h2 class=\"industrium-heading\"><span class=\"industrium-subheading\">Create an Appointment<\/span><span class=\"industrium-heading-content\">Strong Collaborations Start With the Right Timing!<\/span><\/h2><\/div>\t\t\t\t<\/div>\n\t\t\t\t<\/div>\n\t\t\t\t<div class=\"elementor-element elementor-element-6a84d91 elementor-widget elementor-widget-text-editor\" data-id=\"6a84d91\" data-element_type=\"widget\" data-widget_type=\"text-editor.default\">\n\t\t\t\t<div class=\"elementor-widget-container\">\n\t\t\t\t\t\t\t\t\t<div class=\"flex max-w-full flex-col flex-grow\"><div class=\"min-h-8 text-message relative flex w-full flex-col items-end gap-2 whitespace-normal break-words text-start [.text-message+&amp;]:mt-5\" dir=\"auto\" data-message-author-role=\"assistant\" data-message-id=\"9704a41a-3115-4869-9a3c-88268fde312d\" data-message-model-slug=\"gpt-4o\"><div class=\"flex w-full flex-col gap-1 empty:hidden first:pt-[3px]\"><div class=\"markdown prose w-full break-words dark:prose-invert light\"><p data-start=\"70\" data-end=\"279\" data-is-last-node=\"\" data-is-only-node=\"\">Take a strategic step in the defense industry <strong data-start=\"106\" data-end=\"153\">with Swiss Tomsan.<\/strong>. \u0130\u015f birli\u011fi, bayilik veya teknik destek i\u00e7in hemen randevunuzu olu\u015fturun; <strong data-start=\"228\" data-end=\"279\" data-is-last-node=\"\">do\u011fru zamanda, do\u011fru kararlar\u0131 birlikte alal\u0131m!<\/strong><\/p><\/div><\/div><\/div><\/div>\t\t\t\t\t\t\t\t<\/div>\n\t\t\t\t<\/div>\n\t\t\t\t\t<\/div>\n\t\t\t\t<\/div>\n\t\t<div class=\"elementor-element elementor-element-eb092e8 e-flex e-con-boxed e-con e-parent\" data-id=\"eb092e8\" data-element_type=\"container\">\n\t\t\t\t\t<div class=\"e-con-inner\">\n\t\t\t\t<div class=\"elementor-element elementor-element-2120049 elementor-widget elementor-widget-industrium_wpforms\" data-id=\"2120049\" data-element_type=\"widget\" data-widget_type=\"industrium_wpforms.default\">\n\t\t\t\t<div class=\"elementor-widget-container\">\n\t\t\t\t\t        <div class=\"industrium-wpforms-widget\">\n            <div class=\"wpforms-container wpforms-container-full wpforms-render-modern\" id=\"wpforms-14561\"><form id=\"wpforms-form-14561\" class=\"wpforms-validate wpforms-form wpforms-ajax-form\" data-formid=\"14561\" method=\"post\" enctype=\"multipart\/form-data\" action=\"\/en\/wp-json\/wp\/v2\/pages\/14606\" data-token=\"709f31757cb21d3fe8fb8e0eb56db08f\" data-token-time=\"1776206573\" data-trp-original-action=\"\/en\/wp-json\/wp\/v2\/pages\/14606\"><noscript class=\"wpforms-error-noscript\">Please enable JavaScript in your browser to complete this form.<\/noscript><div class=\"wpforms-hidden\" id=\"wpforms-error-noscript\">Please enable JavaScript in your browser to complete this form.<\/div><div class=\"wpforms-field-container\"><div id=\"wpforms-14561-field_0-container\" class=\"wpforms-field wpforms-field-name\" data-field-id=\"0\"><label class=\"wpforms-field-label\" for=\"wpforms-14561-field_0\">Name Surname <span class=\"wpforms-required-label\" aria-hidden=\"true\">*<\/span><\/label><input type=\"text\" id=\"wpforms-14561-field_0\" class=\"wpforms-field-large wpforms-field-required\" name=\"wpforms[fields][0]\" aria-errormessage=\"wpforms-14561-field_0-error\" required><\/div><div id=\"wpforms-14561-field_5-container\" class=\"wpforms-field wpforms-field-phone\" data-field-id=\"5\"><label class=\"wpforms-field-label\" for=\"wpforms-14561-field_5\">Phone Number <span class=\"wpforms-required-label\" aria-hidden=\"true\">*<\/span><\/label><input type=\"tel\" id=\"wpforms-14561-field_5\" class=\"wpforms-field-large wpforms-field-required wpforms-smart-phone-field\" data-rule-smart-phone-field=\"true\" name=\"wpforms[fields][5]\" aria-label=\"Phone Number\" aria-errormessage=\"wpforms-14561-field_5-error\" required><\/div><div id=\"wpforms-14561-field_1-container\" class=\"wpforms-field wpforms-field-email\" data-field-id=\"1\"><label class=\"wpforms-field-label\" for=\"wpforms-14561-field_1\">Email <span class=\"wpforms-required-label\" aria-hidden=\"true\">*<\/span><\/label><input type=\"email\" id=\"wpforms-14561-field_1\" class=\"wpforms-field-large wpforms-field-required\" name=\"wpforms[fields][1]\" spellcheck=\"false\" aria-errormessage=\"wpforms-14561-field_1-error\" required><\/div><div id=\"wpforms-14561-field_3-container\" class=\"wpforms-field wpforms-field-text\" data-field-id=\"3\"><label class=\"wpforms-field-label\" for=\"wpforms-14561-field_3\">Company Name (If Any)<\/label><input type=\"text\" id=\"wpforms-14561-field_3\" class=\"wpforms-field-large\" name=\"wpforms[fields][3]\" aria-errormessage=\"wpforms-14561-field_3-error\" ><\/div><div id=\"wpforms-14561-field_6-container\" class=\"wpforms-field wpforms-field-text\" data-field-id=\"6\"><label class=\"wpforms-field-label\" for=\"wpforms-14561-field_6\">The Subject of the Interview (Cooperation, Technical Support, Sales, etc.)<\/label><input type=\"text\" id=\"wpforms-14561-field_6\" class=\"wpforms-field-large\" name=\"wpforms[fields][6]\" aria-errormessage=\"wpforms-14561-field_6-error\" ><\/div><div id=\"wpforms-14561-field_7-container\" class=\"wpforms-field wpforms-field-date-time\" data-field-id=\"7\"><fieldset><legend class=\"wpforms-field-label\">Preferred Appointment Date<\/legend><div class=\"wpforms-field-row wpforms-field-large\"><div class=\"wpforms-field-row-block wpforms-date-type-datepicker\"><div class=\"wpforms-datepicker-wrap\"><input type=\"text\" id=\"wpforms-14561-field_7\" class=\"wpforms-field-date-time-date wpforms-datepicker\" data-date-format=\"d\/m\/Y\" data-limit-days=\"mon,tue,wed,thu,fri\" data-disable-past-dates=\"0\" data-input=\"true\" name=\"wpforms[fields][7][date]\" placeholder=\"Preferred Appointment Date\" aria-errormessage=\"wpforms-14561-field_7-error\" ><a title=\"Clear Date\" data-clear class=\"wpforms-datepicker-clear\" style=\"display:none;\"><\/a><\/div><label for=\"wpforms-14561-field_7\" class=\"wpforms-field-sublabel after\">Date<\/label><\/div><div class=\"wpforms-field-row-block\"><input type=\"text\" id=\"wpforms-14561-field_7-time\" class=\"wpforms-field-date-time-time wpforms-timepicker\" data-time-format=\"H:i\" data-step=\"60\" data-rule-time24h=\"true\" data-min-time=\"09:00\" data-max-time=\"18:00\" data-rule-time-limit=\"true\" name=\"wpforms[fields][7][time]\" placeholder=\"Preferred Time December\" aria-errormessage=\"wpforms-14561-field_7-time-error\" ><label for=\"wpforms-14561-field_7-time\" class=\"wpforms-field-sublabel after\">Time<\/label><\/div><\/div><\/fieldset><\/div><div id=\"wpforms-14561-field_2-container\" class=\"wpforms-field wpforms-field-textarea\" data-field-id=\"2\"><label class=\"wpforms-field-label\" for=\"wpforms-14561-field_2\">Octavo<\/label><textarea id=\"wpforms-14561-field_2\" class=\"wpforms-field-medium\" name=\"wpforms[fields][2]\" aria-errormessage=\"wpforms-14561-field_2-error\" ><\/textarea><\/div><\/div><!-- .wpforms-field-container --><div class=\"wpforms-submit-container\" ><input type=\"hidden\" name=\"wpforms[id]\" value=\"14561\"><input type=\"hidden\" name=\"page_title\" value=\"\"><input type=\"hidden\" name=\"page_url\" value=\"https:\/\/swisstomsan.com\/en\/wp-json\/wp\/v2\/pages\/14606\"><button type=\"submit\" name=\"wpforms[submit]\" id=\"wpforms-submit-14561\" class=\"wpforms-submit\" data-alt-text=\"G\u00f6nderiliyor...\" data-submit-text=\"G\u00f6nder\" aria-live=\"assertive\" value=\"wpforms-submit\">Send<\/button><img decoding=\"async\" src=\"https:\/\/swisstomsan.com\/wp-content\/plugins\/wpforms\/assets\/images\/submit-spin.svg\" class=\"wpforms-submit-spinner\" style=\"display: none;\" width=\"26\" height=\"26\" alt=\"Loading\"><\/div><input type=\"hidden\" name=\"trp-form-language\" value=\"en\"\/><\/form><\/div>  <!-- .wpforms-container -->        <\/div>\n        \t\t\t\t<\/div>\n\t\t\t\t<\/div>\n\t\t\t\t\t<\/div>\n\t\t\t\t<\/div>\n\t\t\t\t<\/div>","protected":false},"excerpt":{"rendered":"<p>Swiss Tomsan ile savunma sanayisinde stratejik bir ad\u0131m at\u0131n. \u0130\u015f birli\u011fi, bayilik veya teknik destek i\u00e7in hemen randevunuzu olu\u015fturun; do\u011fru zamanda, do\u011fru kararlar\u0131 birlikte alal\u0131m!<\/p>","protected":false},"author":1,"featured_media":0,"parent":0,"menu_order":0,"comment_status":"closed","ping_status":"closed","template":"","meta":{"footnotes":""},"class_list":["post-14606","page","type-page","status-publish","hentry"],"_links":{"self":[{"href":"https:\/\/swisstomsan.com\/en\/wp-json\/wp\/v2\/pages\/14606","targetHints":{"allow":["GET"]}}],"collection":[{"href":"https:\/\/swisstomsan.com\/en\/wp-json\/wp\/v2\/pages"}],"about":[{"href":"https:\/\/swisstomsan.com\/en\/wp-json\/wp\/v2\/types\/page"}],"author":[{"embeddable":true,"href":"https:\/\/swisstomsan.com\/en\/wp-json\/wp\/v2\/users\/1"}],"replies":[{"embeddable":true,"href":"https:\/\/swisstomsan.com\/en\/wp-json\/wp\/v2\/comments?post=14606"}],"version-history":[{"count":4,"href":"https:\/\/swisstomsan.com\/en\/wp-json\/wp\/v2\/pages\/14606\/revisions"}],"predecessor-version":[{"id":14610,"href":"https:\/\/swisstomsan.com\/en\/wp-json\/wp\/v2\/pages\/14606\/revisions\/14610"}],"wp:attachment":[{"href":"https:\/\/swisstomsan.com\/en\/wp-json\/wp\/v2\/media?parent=14606"}],"curies":[{"name":"wp","href":"https:\/\/api.w.org\/{rel}","templated":true}]}}