{"id":13993,"date":"2022-02-16T08:01:47","date_gmt":"2022-02-16T08:01:47","guid":{"rendered":"https:\/\/demo.artureanec.com\/themes\/industrium\/?page_id=34"},"modified":"2025-06-12T13:05:32","modified_gmt":"2025-06-12T13:05:32","slug":"hizmetlerimiz","status":"publish","type":"page","link":"https:\/\/swisstomsan.com\/de\/hizmetlerimiz\/","title":{"rendered":"Dienstleistungen"},"content":{"rendered":"<div data-elementor-type=\"wp-page\" data-elementor-id=\"13993\" class=\"elementor elementor-13993\">\n\t\t\t\t\t\t<section class=\"elementor-section elementor-top-section elementor-element elementor-element-bfecd03 elementor-section-full_width elementor-section-stretched elementor-section-height-default elementor-section-height-default\" data-id=\"bfecd03\" data-element_type=\"section\" data-settings=\"{&quot;stretch_section&quot;:&quot;section-stretched&quot;,&quot;background_background&quot;:&quot;classic&quot;}\">\n\t\t\t\t\t\t<div class=\"elementor-container elementor-column-gap-no\">\n\t\t\t\t\t<div class=\"elementor-column elementor-col-100 elementor-top-column elementor-element elementor-element-fff7267\" data-id=\"fff7267\" data-element_type=\"column\">\n\t\t\t<div class=\"elementor-widget-wrap elementor-element-populated\">\n\t\t\t\t\t\t<div class=\"elementor-element elementor-element-82c5748 elementor-absolute elementor-hidden-laptop elementor-hidden-tablet_extra elementor-hidden-tablet elementor-hidden-mobile_extra elementor-hidden-mobile decoration-type-1 elementor-widget elementor-widget-industrium_decoration\" data-id=\"82c5748\" data-element_type=\"widget\" data-settings=\"{&quot;_position&quot;:&quot;absolute&quot;}\" data-widget_type=\"industrium_decoration.default\">\n\t\t\t\t<div class=\"elementor-widget-container\">\n\t\t\t\t\t        <div class=\"decoration-widget\">\n            <div class=\"decoration-container\">\n                <div class=\"industrium-decoration\">\n                    <div><\/div><div><\/div><div><\/div>\n                <\/div>\n            <\/div>\n        <\/div>\n        \t\t\t\t<\/div>\n\t\t\t\t<\/div>\n\t\t\t\t<section class=\"elementor-section elementor-inner-section elementor-element elementor-element-c0b9d64 elementor-section-boxed elementor-section-height-default elementor-section-height-default\" data-id=\"c0b9d64\" data-element_type=\"section\">\n\t\t\t\t\t\t<div class=\"elementor-container elementor-column-gap-wide\">\n\t\t\t\t\t<div class=\"elementor-column elementor-col-50 elementor-inner-column elementor-element elementor-element-4d11355\" data-id=\"4d11355\" data-element_type=\"column\">\n\t\t\t<div class=\"elementor-widget-wrap elementor-element-populated\">\n\t\t\t\t\t\t<div class=\"elementor-element elementor-element-f5439b3 elementor-widget elementor-widget-industrium_heading\" data-id=\"f5439b3\" data-element_type=\"widget\" data-widget_type=\"industrium_heading.default\">\n\t\t\t\t<div class=\"elementor-widget-container\">\n\t\t\t\t\t<div class=\"industrium-heading-widget\"><h2 class=\"industrium-heading\"><span class=\"industrium-subheading\">Dienstleistungen<\/span><span class=\"industrium-heading-content\"><strong>St\u00e4rke in der Verteidigung, Exzellenz in der Produktion: Schweizer Tomsan Dienstleistungen<\/strong><\/span><\/h2><\/div>\t\t\t\t<\/div>\n\t\t\t\t<\/div>\n\t\t\t\t<div class=\"elementor-element elementor-element-79ed807 elementor-widget elementor-widget-text-editor\" data-id=\"79ed807\" data-element_type=\"widget\" data-widget_type=\"text-editor.default\">\n\t\t\t\t<div class=\"elementor-widget-container\">\n\t\t\t\t\t\t\t\t\t<p data-start=\"174\" data-end=\"678\">Wir handeln nach den Grunds\u00e4tzen der Nachhaltigkeit, Innovation und Zuverl\u00e4ssigkeit im Verteidigungsbereich, um die Verteidigungskraft der T\u00fcrkei in die Zukunft zu tragen und einen dauerhaften Erfolg auf den internationalen M\u00e4rkten anzustreben.<\/p>\t\t\t\t\t\t\t\t<\/div>\n\t\t\t\t<\/div>\n\t\t\t\t\t<\/div>\n\t\t<\/div>\n\t\t\t\t<div class=\"elementor-column elementor-col-50 elementor-inner-column elementor-element elementor-element-14e0b78\" data-id=\"14e0b78\" data-element_type=\"column\">\n\t\t\t<div class=\"elementor-widget-wrap elementor-element-populated\">\n\t\t\t\t\t\t<div class=\"elementor-element elementor-element-41268db elementor-widget elementor-widget-text-editor\" data-id=\"41268db\" data-element_type=\"widget\" data-widget_type=\"text-editor.default\">\n\t\t\t\t<div class=\"elementor-widget-container\">\n\t\t\t\t\t\t\t\t\t<p data-start=\"390\" data-end=\"827\">Als Swiss Tomsan agieren wir mit einem ganzheitlichen Dienstleistungsansatz in der Verteidigungsindustrie. Wir bieten die von der Branche geforderten hohen Standards in allen Prozessen von der Produktion bis zur Logistik, von F&amp;E-Studien bis zur technischen Beratung. Nachhaltigkeit, Qualit\u00e4t und Zuverl\u00e4ssigkeit sind unsere Priorit\u00e4ten in jedem Bereich, in dem wir t\u00e4tig sind. Wir werden nicht nur Munition produzieren, sondern L\u00f6sungen, die die Verteidigungskraft der T\u00fcrkei und der Welt voranbringen.<\/p>\t\t\t\t\t\t\t\t<\/div>\n\t\t\t\t<\/div>\n\t\t\t\t\t<\/div>\n\t\t<\/div>\n\t\t\t\t\t<\/div>\n\t\t<\/section>\n\t\t\t\t<section class=\"elementor-section elementor-inner-section elementor-element elementor-element-e80e439 elementor-section-boxed elementor-section-height-default elementor-section-height-default\" data-id=\"e80e439\" data-element_type=\"section\">\n\t\t\t\t\t\t<div class=\"elementor-container elementor-column-gap-default\">\n\t\t\t\t\t<div class=\"elementor-column elementor-col-100 elementor-inner-column elementor-element elementor-element-462174c\" data-id=\"462174c\" data-element_type=\"column\">\n\t\t\t<div class=\"elementor-widget-wrap elementor-element-populated\">\n\t\t\t\t\t\t<div class=\"elementor-element elementor-element-81d40e2 view_type-2 style_type-2 elementor-widget elementor-widget-industrium_services_listing\" data-id=\"81d40e2\" data-element_type=\"widget\" data-widget_type=\"industrium_services_listing.default\">\n\t\t\t\t<div class=\"elementor-widget-container\">\n\t\t\t\t\t\n        <div class=\"industrium-service-listing-widget\">\n\n            <div class=\"archive-listing\" data-ajax='{&quot;post_type&quot;:&quot;industrium_service&quot;,&quot;ignore_sticky_posts&quot;:true,&quot;suppress_filters&quot;:true,&quot;orderby&quot;:&quot;id&quot;,&quot;order&quot;:&quot;desc&quot;,&quot;link_base&quot;:&quot;https:\\\/\\\/swisstomsan.com\\\/de\\\/wp-json\\\/wp\\\/v2\\\/pages\\\/13993&quot;,&quot;post__in&quot;:[&quot;850&quot;,&quot;1501&quot;,&quot;1503&quot;,&quot;10022&quot;],&quot;posts_per_page&quot;:-1}' data-widget='{&quot;excerpt_length&quot;:76,&quot;item_class&quot;:&quot;service-item-wrapper slider-item&quot;,&quot;columns_number&quot;:3,&quot;listing_type&quot;:&quot;slider&quot;,&quot;view_type&quot;:&quot;type-2&quot;}'>\n                <div class=\"archive-listing-wrapper service-listing-wrapper service-slider-listing owl-carousel owl-theme\" data-slider-options=\"{&quot;items&quot;:3,&quot;nav&quot;:false,&quot;dots&quot;:true,&quot;dotsContainer&quot;:&quot;.owl-dots-81d40e2&quot;,&quot;autoplayHoverPause&quot;:true,&quot;autoplay&quot;:false,&quot;autoplaySpeed&quot;:300,&quot;autoplayTimeout&quot;:5000,&quot;loop&quot;:false,&quot;speed&quot;:500,&quot;view_type&quot;:&quot;type-2&quot;}\">\n                    \n<div class=\"service-item-wrapper post-1501 industrium_service type-industrium_service status-publish has-post-thumbnail hentry\">\n    <div class=\"service-item\">\n         <a class=\"service-slider-item-link\" href=\"https:\/\/swisstomsan.com\/de\/dienstleistungen-2\/beratungs-und-unterstutzungsdienste\/\"><div class=\"service-item-media\"><img decoding=\"async\" alt=\"swisstomsandanismanlik\" title=\"swisstomsandanismanlik\" srcset=\"https:\/\/swisstomsan.com\/wp-content\/uploads\/2022\/08\/swisstomsandanismanlik-640x770.webp 535w, https:\/\/swisstomsan.com\/wp-content\/uploads\/2022\/08\/swisstomsandanismanlik-640x770.webp 951w, https:\/\/swisstomsan.com\/wp-content\/uploads\/2022\/08\/swisstomsandanismanlik-640x770.webp 1170w\" sizes=\"(max-width: 575px) 535px, (max-width: 991px) 951px\" src=\"https:\/\/swisstomsan.com\/wp-content\/uploads\/2022\/08\/swisstomsandanismanlik-640x770.webp\" class=\"attachment-industrium_service_slider_3_columns size-industrium_service_slider_3_columns wp-post-image\" \/><\/div><span class=\"service-item-number\">01<\/span><div class=\"service-item-content\"><h5 class=\"service-post-title\">Beratungs- und Supportdienste<\/h5><div class=\"service-item-excerpt\">Sie sind sicher in Ihren Verteidigungsinvestitionen\nSwiss Tomsan engagiert sich in der Verteidigungsindustrie.<\/div><\/div><\/a>    <\/div>\n<\/div>\n<div class=\"service-item-wrapper post-1503 industrium_service type-industrium_service status-publish has-post-thumbnail hentry\">\n    <div class=\"service-item\">\n         <a class=\"service-slider-item-link\" href=\"https:\/\/swisstomsan.com\/de\/dienstleistungen-2\/logistik-und-lieferdienste\/\"><div class=\"service-item-media\"><img decoding=\"async\" alt=\"swisstomsanlojistikhizmeti\" title=\"swisstomsanlojistikhizmeti\" srcset=\"https:\/\/swisstomsan.com\/wp-content\/uploads\/2022\/08\/swisstomsanlojistikhizmeti-640x770.webp 535w, https:\/\/swisstomsan.com\/wp-content\/uploads\/2022\/08\/swisstomsanlojistikhizmeti-640x770.webp 951w, https:\/\/swisstomsan.com\/wp-content\/uploads\/2022\/08\/swisstomsanlojistikhizmeti-640x770.webp 1170w\" sizes=\"(max-width: 575px) 535px, (max-width: 991px) 951px\" src=\"https:\/\/swisstomsan.com\/wp-content\/uploads\/2022\/08\/swisstomsanlojistikhizmeti-640x770.webp\" class=\"attachment-industrium_service_slider_3_columns size-industrium_service_slider_3_columns wp-post-image\" \/><\/div><span class=\"service-item-number\">02<\/span><div class=\"service-item-content\"><h5 class=\"service-post-title\">Logistik und Lieferdienste<\/h5><div class=\"service-item-excerpt\">Sichere, schnelle und problemlose Lieferung<\/div><\/div><\/a>    <\/div>\n<\/div>\n<div class=\"service-item-wrapper post-10022 industrium_service type-industrium_service status-publish has-post-thumbnail hentry\">\n    <div class=\"service-item\">\n         <a class=\"service-slider-item-link\" href=\"https:\/\/swisstomsan.com\/de\/dienstleistungen-2\/fe-und-technik-dienstleistungen\/\"><div class=\"service-item-media\"><img decoding=\"async\" alt=\"swisstomsanargegelistirme\" title=\"swisstomsanargegelistirme\" srcset=\"https:\/\/swisstomsan.com\/wp-content\/uploads\/2022\/08\/swisstomsanargegelistirme-640x770.webp 535w, https:\/\/swisstomsan.com\/wp-content\/uploads\/2022\/08\/swisstomsanargegelistirme-640x770.webp 951w, https:\/\/swisstomsan.com\/wp-content\/uploads\/2022\/08\/swisstomsanargegelistirme-640x770.webp 1170w\" sizes=\"(max-width: 575px) 535px, (max-width: 991px) 951px\" src=\"https:\/\/swisstomsan.com\/wp-content\/uploads\/2022\/08\/swisstomsanargegelistirme-640x770.webp\" class=\"attachment-industrium_service_slider_3_columns size-industrium_service_slider_3_columns wp-post-image\" \/><\/div><span class=\"service-item-number\">03<\/span><div class=\"service-item-content\"><h5 class=\"service-post-title\">F&amp;E- und Technologie-Dienstleistungen<\/h5><div class=\"service-item-excerpt\">Wir gestalten die Zukunft in der R\u00fcstungsindustrie <\/div><\/div><\/a>    <\/div>\n<\/div>\n<div class=\"service-item-wrapper post-850 industrium_service type-industrium_service status-publish has-post-thumbnail hentry\">\n    <div class=\"service-item\">\n         <a class=\"service-slider-item-link\" href=\"https:\/\/swisstomsan.com\/de\/dienstleistungen-2\/produktionsdienste\/\"><div class=\"service-item-media\"><img decoding=\"async\" alt=\"swisstomsanuretimhizmeti\" title=\"swisstomsanuretimhizmeti\" srcset=\"https:\/\/swisstomsan.com\/wp-content\/uploads\/2022\/08\/swisstomsanuretimhizmeti-640x770.webp 535w, https:\/\/swisstomsan.com\/wp-content\/uploads\/2022\/08\/swisstomsanuretimhizmeti-640x770.webp 951w, https:\/\/swisstomsan.com\/wp-content\/uploads\/2022\/08\/swisstomsanuretimhizmeti-640x770.webp 1170w\" sizes=\"(max-width: 575px) 535px, (max-width: 991px) 951px\" src=\"https:\/\/swisstomsan.com\/wp-content\/uploads\/2022\/08\/swisstomsanuretimhizmeti-640x770.webp\" class=\"attachment-industrium_service_slider_3_columns size-industrium_service_slider_3_columns wp-post-image\" \/><\/div><span class=\"service-item-number\">04<\/span><div class=\"service-item-content\"><h5 class=\"service-post-title\">Produktionsdienstleistungen<\/h5><div class=\"service-item-excerpt\">Wir zeigen unsere St\u00e4rke in der Produktion<\/div><\/div><\/a>    <\/div>\n<\/div>                <\/div>\n\n                            <\/div>\n            <div class=\"owl-dots owl-dots-81d40e2\"><\/div>        <\/div>\n        \t\t\t\t<\/div>\n\t\t\t\t<\/div>\n\t\t\t\t\t<\/div>\n\t\t<\/div>\n\t\t\t\t\t<\/div>\n\t\t<\/section>\n\t\t\t\t\t<\/div>\n\t\t<\/div>\n\t\t\t\t\t<\/div>\n\t\t<\/section>\n\t\t\t\t<section class=\"elementor-section elementor-top-section elementor-element elementor-element-ccd5d38 elementor-section-boxed elementor-section-height-default elementor-section-height-default\" data-id=\"ccd5d38\" data-element_type=\"section\" data-settings=\"{&quot;background_background&quot;:&quot;classic&quot;}\">\n\t\t\t\t\t\t<div class=\"elementor-container elementor-column-gap-default\">\n\t\t\t\t\t<div class=\"elementor-column elementor-col-100 elementor-top-column elementor-element elementor-element-0081846\" data-id=\"0081846\" data-element_type=\"column\">\n\t\t\t<div class=\"elementor-widget-wrap elementor-element-populated\">\n\t\t\t\t\t\t<div class=\"elementor-element elementor-element-e7b48e5 elementor-widget elementor-widget-industrium_special_text\" data-id=\"e7b48e5\" data-element_type=\"widget\" data-widget_type=\"industrium_special_text.default\">\n\t\t\t\t<div class=\"elementor-widget-container\">\n\t\t\t\t\t<div class=\"special-text-wrapper\"><span class=\"special-text special-text-effect-fill\">Von Tokat in die Welt<span class=\"special-text special-text-effect-stroke\">Von Tokat in die Welt<\/span><\/span><\/div>\t\t\t\t<\/div>\n\t\t\t\t<\/div>\n\t\t\t\t<section class=\"elementor-section elementor-inner-section elementor-element elementor-element-bfafbeb elementor-section-boxed elementor-section-height-default elementor-section-height-default\" data-id=\"bfafbeb\" data-element_type=\"section\">\n\t\t\t\t\t\t<div class=\"elementor-container elementor-column-gap-default\">\n\t\t\t\t\t<div class=\"elementor-column elementor-col-33 elementor-inner-column elementor-element elementor-element-1983a28 elementor-hidden-tablet elementor-hidden-mobile_extra elementor-hidden-mobile\" data-id=\"1983a28\" data-element_type=\"column\">\n\t\t\t<div class=\"elementor-widget-wrap\">\n\t\t\t\t\t\t\t<\/div>\n\t\t<\/div>\n\t\t\t\t<div class=\"elementor-column elementor-col-33 elementor-inner-column elementor-element elementor-element-e5464a8\" data-id=\"e5464a8\" data-element_type=\"column\">\n\t\t\t<div class=\"elementor-widget-wrap elementor-element-populated\">\n\t\t\t\t\t\t<div class=\"elementor-element elementor-element-45f5b37 elementor-widget elementor-widget-industrium_heading\" data-id=\"45f5b37\" data-element_type=\"widget\" data-widget_type=\"industrium_heading.default\">\n\t\t\t\t<div class=\"elementor-widget-container\">\n\t\t\t\t\t<div class=\"industrium-heading-widget\"><h2 class=\"industrium-heading\"><span class=\"industrium-heading-content\">#BirlikteT\u00fcrkiye<\/span><\/h2><\/div>\t\t\t\t<\/div>\n\t\t\t\t<\/div>\n\t\t\t\t<div class=\"elementor-element elementor-element-8e61105 elementor-widget elementor-widget-text-editor\" data-id=\"8e61105\" data-element_type=\"widget\" data-widget_type=\"text-editor.default\">\n\t\t\t\t<div class=\"elementor-widget-container\">\n\t\t\t\t\t\t\t\t\t<p><strong data-start=\"85\" data-end=\"107\">\u201cVon Tokat in die Welt\u201d<\/strong> \u00f6ffnen wir uns mit den Qualit\u00e4tsprodukten, die wir in unserer Fabrik in Tokat herstellen werden, den globalen M\u00e4rkten. Wir schaffen mit unserer lokalen St\u00e4rke einen Mehrwert f\u00fcr die Welt und repr\u00e4sentieren die Qualit\u00e4t der t\u00fcrkischen Produktion auf der internationalen B\u00fchne.<\/p>\t\t\t\t\t\t\t\t<\/div>\n\t\t\t\t<\/div>\n\t\t\t\t\t<\/div>\n\t\t<\/div>\n\t\t\t\t<div class=\"elementor-column elementor-col-33 elementor-inner-column elementor-element elementor-element-0c41c98 elementor-hidden-tablet elementor-hidden-mobile_extra elementor-hidden-mobile\" data-id=\"0c41c98\" data-element_type=\"column\">\n\t\t\t<div class=\"elementor-widget-wrap\">\n\t\t\t\t\t\t\t<\/div>\n\t\t<\/div>\n\t\t\t\t\t<\/div>\n\t\t<\/section>\n\t\t\t\t\t<\/div>\n\t\t<\/div>\n\t\t\t\t\t<\/div>\n\t\t<\/section>\n\t\t\t\t<\/div>","protected":false},"excerpt":{"rendered":"<p>Savunmada s\u00fcrd\u00fcr\u00fclebilirlik, inovasyon ve g\u00fcvenilirlik ilkeleriyle hareket ederek, T\u00fcrkiye\u2019nin savunma g\u00fcc\u00fcn\u00fc gelece\u011fe ta\u015f\u0131yor, uluslararas\u0131 pazarlarda kal\u0131c\u0131 ba\u015far\u0131lar hedefliyoruz. Swiss Tomsan olarak, savunma sanayisinde u\u00e7tan uca hizmet anlay\u0131\u015f\u0131yla hareket ediyoruz. \u00dcretimden lojisti\u011fe, Ar-Ge \u00e7al\u0131\u015fmalar\u0131ndan teknik dan\u0131\u015fmanl\u0131\u011fa kadar t\u00fcm s\u00fcre\u00e7lerde, sekt\u00f6r\u00fcn ihtiya\u00e7 duydu\u011fu&#8230;<\/p>","protected":false},"author":1,"featured_media":0,"parent":0,"menu_order":0,"comment_status":"closed","ping_status":"closed","template":"","meta":{"footnotes":""},"class_list":["post-13993","page","type-page","status-publish","hentry"],"yoast_head":"<!-- This site is optimized with the Yoast SEO plugin v27.5 - https:\/\/yoast.com\/product\/yoast-seo-wordpress\/ -->\n<title>Hizmetler - Swiss Tomsan<\/title>\n<meta name=\"robots\" content=\"index, follow, max-snippet:-1, max-image-preview:large, max-video-preview:-1\" \/>\n<link rel=\"canonical\" href=\"https:\/\/swisstomsan.com\/de\/hizmetlerimiz\/\" \/>\n<meta property=\"og:locale\" content=\"de_DE\" \/>\n<meta property=\"og:type\" content=\"article\" \/>\n<meta property=\"og:title\" content=\"Hizmetler - Swiss Tomsan\" \/>\n<meta property=\"og:description\" content=\"Savunmada s\u00fcrd\u00fcr\u00fclebilirlik, inovasyon ve g\u00fcvenilirlik ilkeleriyle hareket ederek, T\u00fcrkiye\u2019nin savunma g\u00fcc\u00fcn\u00fc gelece\u011fe ta\u015f\u0131yor, uluslararas\u0131 pazarlarda kal\u0131c\u0131 ba\u015far\u0131lar hedefliyoruz. Swiss Tomsan olarak, savunma sanayisinde u\u00e7tan uca hizmet anlay\u0131\u015f\u0131yla hareket ediyoruz. \u00dcretimden lojisti\u011fe, Ar-Ge \u00e7al\u0131\u015fmalar\u0131ndan teknik dan\u0131\u015fmanl\u0131\u011fa kadar t\u00fcm s\u00fcre\u00e7lerde, sekt\u00f6r\u00fcn ihtiya\u00e7 duydu\u011fu...\" \/>\n<meta property=\"og:url\" content=\"https:\/\/swisstomsan.com\/de\/hizmetlerimiz\/\" \/>\n<meta property=\"og:site_name\" content=\"Swiss Tomsan\" \/>\n<meta property=\"article:modified_time\" content=\"2025-06-12T13:05:32+00:00\" \/>\n<meta name=\"twitter:card\" content=\"summary_large_image\" \/>\n<meta name=\"twitter:label1\" content=\"Gesch\u00e4tzte Lesezeit\" \/>\n\t<meta name=\"twitter:data1\" content=\"1\u00a0Minute\" \/>\n<script type=\"application\/ld+json\" class=\"yoast-schema-graph\">{\"@context\":\"https:\\\/\\\/schema.org\",\"@graph\":[{\"@type\":\"WebPage\",\"@id\":\"https:\\\/\\\/swisstomsan.com\\\/hizmetlerimiz\\\/\",\"url\":\"https:\\\/\\\/swisstomsan.com\\\/hizmetlerimiz\\\/\",\"name\":\"Hizmetler - Swiss Tomsan\",\"isPartOf\":{\"@id\":\"https:\\\/\\\/swisstomsan.com\\\/#website\"},\"datePublished\":\"2022-02-16T08:01:47+00:00\",\"dateModified\":\"2025-06-12T13:05:32+00:00\",\"breadcrumb\":{\"@id\":\"https:\\\/\\\/swisstomsan.com\\\/hizmetlerimiz\\\/#breadcrumb\"},\"inLanguage\":\"de-CH\",\"potentialAction\":[{\"@type\":\"ReadAction\",\"target\":[\"https:\\\/\\\/swisstomsan.com\\\/hizmetlerimiz\\\/\"]}]},{\"@type\":\"BreadcrumbList\",\"@id\":\"https:\\\/\\\/swisstomsan.com\\\/hizmetlerimiz\\\/#breadcrumb\",\"itemListElement\":[{\"@type\":\"ListItem\",\"position\":1,\"name\":\"Anasayfa\",\"item\":\"https:\\\/\\\/swisstomsan.com\\\/\"},{\"@type\":\"ListItem\",\"position\":2,\"name\":\"Hizmetler\"}]},{\"@type\":\"WebSite\",\"@id\":\"https:\\\/\\\/swisstomsan.com\\\/#website\",\"url\":\"https:\\\/\\\/swisstomsan.com\\\/\",\"name\":\"Swiss Tomsan\",\"description\":\"\",\"publisher\":{\"@id\":\"https:\\\/\\\/swisstomsan.com\\\/#organization\"},\"potentialAction\":[{\"@type\":\"SearchAction\",\"target\":{\"@type\":\"EntryPoint\",\"urlTemplate\":\"https:\\\/\\\/swisstomsan.com\\\/?s={search_term_string}\"},\"query-input\":{\"@type\":\"PropertyValueSpecification\",\"valueRequired\":true,\"valueName\":\"search_term_string\"}}],\"inLanguage\":\"de-CH\"},{\"@type\":\"Organization\",\"@id\":\"https:\\\/\\\/swisstomsan.com\\\/#organization\",\"name\":\"Swiss Tomsan\",\"url\":\"https:\\\/\\\/swisstomsan.com\\\/\",\"logo\":{\"@type\":\"ImageObject\",\"inLanguage\":\"de-CH\",\"@id\":\"https:\\\/\\\/swisstomsan.com\\\/#\\\/schema\\\/logo\\\/image\\\/\",\"url\":\"https:\\\/\\\/swisstomsan.com\\\/wp-content\\\/uploads\\\/2025\\\/03\\\/swisstomsanlogo2.webp\",\"contentUrl\":\"https:\\\/\\\/swisstomsan.com\\\/wp-content\\\/uploads\\\/2025\\\/03\\\/swisstomsanlogo2.webp\",\"width\":352,\"height\":100,\"caption\":\"Swiss Tomsan\"},\"image\":{\"@id\":\"https:\\\/\\\/swisstomsan.com\\\/#\\\/schema\\\/logo\\\/image\\\/\"}}]}<\/script>\n<!-- \/ Yoast SEO plugin. -->","yoast_head_json":{"title":"Hizmetler - Swiss Tomsan","robots":{"index":"index","follow":"follow","max-snippet":"max-snippet:-1","max-image-preview":"max-image-preview:large","max-video-preview":"max-video-preview:-1"},"canonical":"https:\/\/swisstomsan.com\/de\/hizmetlerimiz\/","og_locale":"de_DE","og_type":"article","og_title":"Hizmetler - Swiss Tomsan","og_description":"Savunmada s\u00fcrd\u00fcr\u00fclebilirlik, inovasyon ve g\u00fcvenilirlik ilkeleriyle hareket ederek, T\u00fcrkiye\u2019nin savunma g\u00fcc\u00fcn\u00fc gelece\u011fe ta\u015f\u0131yor, uluslararas\u0131 pazarlarda kal\u0131c\u0131 ba\u015far\u0131lar hedefliyoruz. Swiss Tomsan olarak, savunma sanayisinde u\u00e7tan uca hizmet anlay\u0131\u015f\u0131yla hareket ediyoruz. \u00dcretimden lojisti\u011fe, Ar-Ge \u00e7al\u0131\u015fmalar\u0131ndan teknik dan\u0131\u015fmanl\u0131\u011fa kadar t\u00fcm s\u00fcre\u00e7lerde, sekt\u00f6r\u00fcn ihtiya\u00e7 duydu\u011fu...","og_url":"https:\/\/swisstomsan.com\/de\/hizmetlerimiz\/","og_site_name":"Swiss Tomsan","article_modified_time":"2025-06-12T13:05:32+00:00","twitter_card":"summary_large_image","twitter_misc":{"Gesch\u00e4tzte Lesezeit":"1\u00a0Minute"},"schema":{"@context":"https:\/\/schema.org","@graph":[{"@type":"WebPage","@id":"https:\/\/swisstomsan.com\/hizmetlerimiz\/","url":"https:\/\/swisstomsan.com\/hizmetlerimiz\/","name":"Hizmetler - Swiss Tomsan","isPartOf":{"@id":"https:\/\/swisstomsan.com\/#website"},"datePublished":"2022-02-16T08:01:47+00:00","dateModified":"2025-06-12T13:05:32+00:00","breadcrumb":{"@id":"https:\/\/swisstomsan.com\/hizmetlerimiz\/#breadcrumb"},"inLanguage":"de-CH","potentialAction":[{"@type":"ReadAction","target":["https:\/\/swisstomsan.com\/hizmetlerimiz\/"]}]},{"@type":"BreadcrumbList","@id":"https:\/\/swisstomsan.com\/hizmetlerimiz\/#breadcrumb","itemListElement":[{"@type":"ListItem","position":1,"name":"Anasayfa","item":"https:\/\/swisstomsan.com\/"},{"@type":"ListItem","position":2,"name":"Hizmetler"}]},{"@type":"WebSite","@id":"https:\/\/swisstomsan.com\/#website","url":"https:\/\/swisstomsan.com\/","name":"Swiss Tomsan","description":"","publisher":{"@id":"https:\/\/swisstomsan.com\/#organization"},"potentialAction":[{"@type":"SearchAction","target":{"@type":"EntryPoint","urlTemplate":"https:\/\/swisstomsan.com\/?s={search_term_string}"},"query-input":{"@type":"PropertyValueSpecification","valueRequired":true,"valueName":"search_term_string"}}],"inLanguage":"de-CH"},{"@type":"Organization","@id":"https:\/\/swisstomsan.com\/#organization","name":"Swiss Tomsan","url":"https:\/\/swisstomsan.com\/","logo":{"@type":"ImageObject","inLanguage":"de-CH","@id":"https:\/\/swisstomsan.com\/#\/schema\/logo\/image\/","url":"https:\/\/swisstomsan.com\/wp-content\/uploads\/2025\/03\/swisstomsanlogo2.webp","contentUrl":"https:\/\/swisstomsan.com\/wp-content\/uploads\/2025\/03\/swisstomsanlogo2.webp","width":352,"height":100,"caption":"Swiss Tomsan"},"image":{"@id":"https:\/\/swisstomsan.com\/#\/schema\/logo\/image\/"}}]}},"_links":{"self":[{"href":"https:\/\/swisstomsan.com\/de\/wp-json\/wp\/v2\/pages\/13993","targetHints":{"allow":["GET"]}}],"collection":[{"href":"https:\/\/swisstomsan.com\/de\/wp-json\/wp\/v2\/pages"}],"about":[{"href":"https:\/\/swisstomsan.com\/de\/wp-json\/wp\/v2\/types\/page"}],"author":[{"embeddable":true,"href":"https:\/\/swisstomsan.com\/de\/wp-json\/wp\/v2\/users\/1"}],"replies":[{"embeddable":true,"href":"https:\/\/swisstomsan.com\/de\/wp-json\/wp\/v2\/comments?post=13993"}],"version-history":[{"count":20,"href":"https:\/\/swisstomsan.com\/de\/wp-json\/wp\/v2\/pages\/13993\/revisions"}],"predecessor-version":[{"id":14800,"href":"https:\/\/swisstomsan.com\/de\/wp-json\/wp\/v2\/pages\/13993\/revisions\/14800"}],"wp:attachment":[{"href":"https:\/\/swisstomsan.com\/de\/wp-json\/wp\/v2\/media?parent=13993"}],"curies":[{"name":"wp","href":"https:\/\/api.w.org\/{rel}","templated":true}]}}